{"id":2391,"date":"2021-02-24T17:39:46","date_gmt":"2021-02-24T16:39:46","guid":{"rendered":"http:\/\/240464.w64.wedos.ws\/wordpress\/?page_id=2391"},"modified":"2021-03-08T14:55:27","modified_gmt":"2021-03-08T13:55:27","slug":"mapa","status":"publish","type":"page","link":"https:\/\/albrnet.cz\/?page_id=2391","title":{"rendered":"KONTAKT"},"content":{"rendered":"<p>[et_pb_section fb_built=&#8220;1&#8243; admin_label=&#8220;Header&#8220; _builder_version=&#8220;4.9.0&#8243; use_background_color_gradient=&#8220;on&#8220; background_color_gradient_start=&#8220;#e00b00&#8243; background_color_gradient_end=&#8220;rgba(224,89,0,0.29)&#8220; background_color_gradient_direction=&#8220;173deg&#8220; background_color_gradient_start_position=&#8220;21%&#8220; background_color_gradient_end_position=&#8220;77%&#8220; background_image=&#8220;http:\/\/240464.w64.wedos.ws\/wordpress\/wp-content\/uploads\/2021\/03\/pozadi-1.png&#8220; parallax=&#8220;on&#8220; max_width=&#8220;95%&#8220; max_width_tablet=&#8220;&#8220; max_width_phone=&#8220;&#8220; max_width_last_edited=&#8220;on|desktop&#8220; min_height=&#8220;370px&#8220; custom_margin=&#8220;1vw||1px||false|false&#8220; custom_padding=&#8220;||||true|false&#8220; bottom_divider_style=&#8220;wave2&#8243; bottom_divider_color=&#8220;#ffffff&#8220; bottom_divider_height=&#8220;10vw&#8220; bottom_divider_repeat=&#8220;0.7x&#8220; animation_style=&#8220;slide&#8220; animation_direction=&#8220;bottom&#8220; animation_intensity_slide=&#8220;1%&#8220; da_disable_devices=&#8220;off|off|off&#8220; border_radii=&#8220;on|24px|24px|24px|24px&#8220; locked=&#8220;off&#8220; da_is_popup=&#8220;off&#8220; da_exit_intent=&#8220;off&#8220; da_has_close=&#8220;on&#8220; da_alt_close=&#8220;off&#8220; da_dark_close=&#8220;off&#8220; da_not_modal=&#8220;on&#8220; da_is_singular=&#8220;off&#8220; da_with_loader=&#8220;off&#8220; da_has_shadow=&#8220;on&#8220;][et_pb_row column_structure=&#8220;3_4,1_4&#8243; use_custom_gutter=&#8220;on&#8220; module_class=&#8220; et_pb_row_fullwidth&#8220; _builder_version=&#8220;4.9.0&#8243; width=&#8220;98%&#8220; width_tablet=&#8220;80%&#8220; width_phone=&#8220;&#8220; width_last_edited=&#8220;on|desktop&#8220; max_width_tablet=&#8220;80%&#8220; max_width_phone=&#8220;&#8220; max_width_last_edited=&#8220;on|desktop&#8220; module_alignment=&#8220;center&#8220; custom_margin=&#8220;-40px||||false|false&#8220; custom_padding=&#8220;||||false|false&#8220; animation_style=&#8220;slide&#8220; animation_direction=&#8220;left&#8220; animation_intensity_slide=&#8220;10%&#8220; make_fullwidth=&#8220;on&#8220;][et_pb_column type=&#8220;3_4&#8243; _builder_version=&#8220;4.9.0&#8243; custom_padding=&#8220;||||false|false&#8220; custom_padding__hover=&#8220;|||&#8220;][et_pb_text _builder_version=&#8220;4.9.0&#8243; _module_preset=&#8220;default&#8220; text_font=&#8220;Poppins|800|on||||||&#8220; text_font_size=&#8220;26px&#8220; header_font=&#8220;Poppins|800|on||||||&#8220; inline_fonts=&#8220;Poppins&#8220;]<\/p>\n<h2 style=\"text-align: center;\"><strong><em><\/em><\/strong><\/h2>\n<h2 style=\"text-align: center;\"><span style=\"font-family: Poppins;\"><strong><em><\/em><\/strong><\/span><\/h2>\n<h1 style=\"text-align: center;\"><span style=\"color: #ffffff;\"><em><strong><span face=\"Poppins\" style=\"font-family: Poppins;\">Jsme prvn\u00ed\u00a0 v \u0161irok\u00e9m okol\u00ed co nab\u00edz\u00ed rychlost p\u0159ipojen\u00ed a\u017e 1000 Mbps\u00a0<\/span><\/strong><\/em><\/span><\/h1>\n<p>[\/et_pb_text][et_pb_text _builder_version=&#8220;4.9.0&#8243; _module_preset=&#8220;default&#8220; text_font=&#8220;Poppins|800|on||||||&#8220; text_font_size=&#8220;26px&#8220; header_font=&#8220;Poppins|800|on||||||&#8220; inline_fonts=&#8220;Poppins&#8220;]<\/p>\n<h2 style=\"text-align: center;\"><strong><em><\/em><\/strong><\/h2>\n<h2 style=\"text-align: center;\"><span style=\"font-family: Poppins;\"><strong><em><\/em><\/strong><\/span><\/h2>\n<h1 style=\"text-align: center;\"><em><strong><span style=\"color: #ffffff;\"><span style=\"font-family: Poppins;\">Dod\u00e1v\u00e1me stabiln\u00ed a rychl\u00fd internet.<\/span><\/span><\/strong><\/em><\/h1>\n<h1 style=\"text-align: center;\"><em><strong><span style=\"color: #ffffff;\"><span style=\"font-family: Poppins;\">Na optick\u00e9 nebo bezdr\u00e1tov\u00e9 s\u00edti.<\/span><\/span><\/strong><\/em><\/h1>\n<p>[\/et_pb_text][et_pb_text _builder_version=&#8220;4.9.0&#8243; _module_preset=&#8220;default&#8220; custom_margin=&#8220;||||false|false&#8220; custom_padding=&#8220;||||false|false&#8220;]<\/p>\n<h3 style=\"text-align: center;\"><\/h3>\n<h4><\/h4>\n<p>[\/et_pb_text][et_pb_text _builder_version=&#8220;4.9.0&#8243; _module_preset=&#8220;default&#8220; custom_margin=&#8220;||||false|false&#8220; custom_padding=&#8220;||||false|false&#8220;]<\/p>\n<h3 style=\"text-align: center;\"><span style=\"color: #ffffff;\"><em>V\u017edy V\u00e1m nab\u00eddneme to nejlep\u0161\u00ed, co je v m\u00edst\u011b Va\u0161\u00ed p\u0159\u00edpojky k dispozici.<\/em><\/span><\/h3>\n<h4><\/h4>\n<p>[\/et_pb_text][et_pb_text _builder_version=&#8220;4.9.0&#8243; _module_preset=&#8220;default&#8220; text_font=&#8220;Poppins|700|on||||||&#8220;]<\/p>\n<h3><span><em><\/em><\/span><\/h3>\n<h3 style=\"text-align: center;\"><\/h3>\n<p>[\/et_pb_text][et_pb_button button_url=&#8220;@ET-DC@eyJkeW5hbWljIjp0cnVlLCJjb250ZW50IjoicG9zdF9saW5rX3VybF9wYWdlIiwic2V0dGluZ3MiOnsicG9zdF9pZCI6IjY4NCJ9fQ==@&#8220; button_text=&#8220; Tarif  ji\u017e od 300K\u010d\/m\u011bs\u00edc&#8220; button_alignment=&#8220;center&#8220; _builder_version=&#8220;4.9.0&#8243; _dynamic_attributes=&#8220;button_url&#8220; custom_button=&#8220;on&#8220; button_text_size=&#8220;15px&#8220; button_text_color=&#8220;#ffffff&#8220; button_bg_color=&#8220;rgba(224,43,32,0.38)&#8220; button_border_width=&#8220;2px&#8220; button_border_color=&#8220;#FFFFFF&#8220; button_border_radius=&#8220;100px&#8220; button_letter_spacing=&#8220;3px&#8220; button_font=&#8220;Poppins|700|on|on|||||&#8220; button_icon=&#8220;%%280%%&#8220; animation_style=&#8220;bounce&#8220; animation_duration=&#8220;20000ms&#8220; animation_speed_curve=&#8220;ease-out&#8220; animation_repeat=&#8220;loop&#8220; hover_enabled=&#8220;0&#8243; box_shadow_style=&#8220;preset3&#8243; box_shadow_vertical=&#8220;20px&#8220; box_shadow_blur=&#8220;80px&#8220; box_shadow_spread=&#8220;-20px&#8220; locked=&#8220;off&#8220; sticky_enabled=&#8220;0&#8243;][\/et_pb_button][et_pb_button button_url=&#8220;@ET-DC@eyJkeW5hbWljIjp0cnVlLCJjb250ZW50IjoicG9zdF9saW5rX3VybF9wYWdlIiwic2V0dGluZ3MiOnsicG9zdF9pZCI6IjIzOTEifX0=@&#8220; button_text=&#8220;Ov\u011b\u0159it dostupnost&#8220; button_alignment=&#8220;center&#8220; _builder_version=&#8220;4.9.0&#8243; custom_button=&#8220;on&#8220; button_text_size=&#8220;15px&#8220; button_text_color=&#8220;#ffffff&#8220; button_bg_color=&#8220;rgba(224,43,32,0.61)&#8220; button_border_width=&#8220;2px&#8220; button_border_color=&#8220;#FFFFFF&#8220; button_border_radius=&#8220;100px&#8220; button_letter_spacing=&#8220;3px&#8220; button_font=&#8220;Poppins|700|on|on|||||&#8220; button_icon=&#8220;%%204%%&#8220; hover_enabled=&#8220;0&#8243; box_shadow_style=&#8220;preset3&#8243; box_shadow_vertical=&#8220;20px&#8220; box_shadow_blur=&#8220;80px&#8220; box_shadow_spread=&#8220;-20px&#8220; locked=&#8220;off&#8220; _dynamic_attributes=&#8220;button_url&#8220; sticky_enabled=&#8220;0&#8243;][\/et_pb_button][\/et_pb_column][et_pb_column type=&#8220;1_4&#8243; _builder_version=&#8220;4.9.0&#8243; custom_padding=&#8220;||||false|false&#8220; custom_padding__hover=&#8220;|||&#8220;][et_pb_countdown_timer title=&#8220;Babi\u0161\u016fv konec&#8220; date_time=&#8220;2021-10-09 22:05&#8243; _builder_version=&#8220;4.9.0&#8243; _module_preset=&#8220;default&#8220; header_font=&#8220;Poppins||on||||||&#8220; header_font_size=&#8220;20px&#8220; label_font=&#8220;Poppins||on||||||&#8220; label_font_size=&#8220;12px&#8220; border_radii=&#8220;on|10px|10px|10px|10px&#8220; border_width_all=&#8220;1px&#8220; border_color_all=&#8220;#FFFFFF&#8220;][\/et_pb_countdown_timer][et_pb_sidebar area=&#8220;sidebar-1&#8243; show_border=&#8220;off&#8220; _builder_version=&#8220;4.9.0&#8243; _module_preset=&#8220;default&#8220; header_font=&#8220;Poppins||on||||||&#8220; header_text_align=&#8220;left&#8220; header_text_color=&#8220;#000000&#8243; header_font_size=&#8220;14px&#8220; header_line_height=&#8220;1.3em&#8220; body_font=&#8220;Poppins||||||||&#8220; body_text_align=&#8220;left&#8220; body_line_height=&#8220;1.2em&#8220; background_color=&#8220;RGBA(0,0,0,0)&#8220; text_orientation=&#8220;center&#8220; custom_margin=&#8220;||||false|false&#8220; custom_padding=&#8220;5px|8px||6px|false|false&#8220; border_radii=&#8220;on|10px|10px|10px|10px&#8220; border_width_all=&#8220;2px&#8220; border_color_all=&#8220;#FFFFFF&#8220; border_style_all=&#8220;outset&#8220;][\/et_pb_sidebar][\/et_pb_column][\/et_pb_row][\/et_pb_section][et_pb_section fb_built=&#8220;1&#8243; _builder_version=&#8220;4.9.0&#8243; _module_preset=&#8220;default&#8220; da_disable_devices=&#8220;off|off|off&#8220; da_is_popup=&#8220;off&#8220; da_exit_intent=&#8220;off&#8220; da_has_close=&#8220;on&#8220; da_alt_close=&#8220;off&#8220; da_dark_close=&#8220;off&#8220; da_not_modal=&#8220;on&#8220; da_is_singular=&#8220;off&#8220; da_with_loader=&#8220;off&#8220; da_has_shadow=&#8220;on&#8220;][et_pb_row column_structure=&#8220;1_2,1_2&#8243; make_equal=&#8220;on&#8220; _builder_version=&#8220;4.9.0&#8243; _module_preset=&#8220;default&#8220; module_alignment=&#8220;center&#8220;][et_pb_column type=&#8220;1_2&#8243; _builder_version=&#8220;4.9.0&#8243; _module_preset=&#8220;default&#8220;][et_pb_blurb title=&#8220; ADRESA:&#8220; url=&#8220;#&#8220; use_icon=&#8220;on&#8220; font_icon=&#8220;%%238%%&#8220; icon_color=&#8220;#E02B20&#8243; use_circle=&#8220;on&#8220; circle_color=&#8220;#ffffff&#8220; icon_placement=&#8220;left&#8220; content_max_width=&#8220;400px&#8220; use_icon_font_size=&#8220;on&#8220; icon_font_size=&#8220;22px&#8220; _builder_version=&#8220;4.9.0&#8243; header_font=&#8220;Poppins|700||on|||||&#8220; header_text_align=&#8220;left&#8220; header_font_size=&#8220;16px&#8220; header_line_height=&#8220;1.4em&#8220; body_font=&#8220;Poppins|700|on|on|||||&#8220; body_text_align=&#8220;center&#8220; body_line_height=&#8220;2em&#8220; background_color=&#8220;#303447&#8243; background_layout=&#8220;dark&#8220; width=&#8220;80%&#8220; module_alignment=&#8220;center&#8220; min_height=&#8220;100px&#8220; height=&#8220;150px&#8220; custom_padding=&#8220;20px|20px|20px|20px|true|true&#8220; border_radii=&#8220;on|15px|15px|15px|15px&#8220; box_shadow_style=&#8220;preset3&#8243; box_shadow_vertical=&#8220;40px&#8220; box_shadow_blur=&#8220;80px&#8220; box_shadow_spread=&#8220;-20px&#8220; box_shadow_color=&#8220;rgba(0,46,117,0.12)&#8220; locked=&#8220;off&#8220; global_colors_info=&#8220;{}&#8220; header_font_size__hover=&#8220;22px&#8220; header_font_size__hover_enabled=&#8220;22px&#8220; header_letter_spacing__hover=&#8220;0px&#8220; header_letter_spacing__hover_enabled=&#8220;0px&#8220; header_line_height__hover=&#8220;1em&#8220; header_line_height__hover_enabled=&#8220;1em&#8220; header_text_shadow_style__hover=&#8220;none&#8220; header_text_shadow_style__hover_enabled=&#8220;none&#8220; header_text_shadow_color__hover=&#8220;rgba(0,0,0,0.4)&#8220; header_text_shadow_color__hover_enabled=&#8220;rgba(0,0,0,0.4)&#8220; background__hover_enabled=&#8220;on|hover&#8220; background_color__hover=&#8220;#FC7069&#8243; background_enable_color__hover=&#8220;on&#8220;]<\/p>\n<h3 style=\"text-align: center;\"><em><strong>Figura Josef<\/strong><\/em><\/h3>\n<h3 style=\"text-align: center;\"><em><strong>Sedli\u0161t\u011b 111<\/strong><\/em><\/h3>\n<h3 style=\"text-align: center;\"><em><strong>739 36 Sedli\u0161t\u011b<\/strong><\/em><\/h3>\n<p>[\/et_pb_blurb][\/et_pb_column][et_pb_column type=&#8220;1_2&#8243; _builder_version=&#8220;4.9.0&#8243; _module_preset=&#8220;default&#8220;][et_pb_blurb title=&#8220; &#8220; url=&#8220;#&#8220; use_icon=&#8220;on&#8220; font_icon=&#8220;%%204%%&#8220; icon_color=&#8220;#E02B20&#8243; use_circle=&#8220;on&#8220; circle_color=&#8220;#ffffff&#8220; icon_placement=&#8220;left&#8220; content_max_width=&#8220;400px&#8220; use_icon_font_size=&#8220;on&#8220; icon_font_size=&#8220;22px&#8220; _builder_version=&#8220;4.9.0&#8243; header_font=&#8220;Poppins|700||on|||||&#8220; header_text_align=&#8220;left&#8220; header_font_size=&#8220;16px&#8220; header_line_height=&#8220;1.4em&#8220; body_font=&#8220;Poppins|700|on|on|||||&#8220; body_text_align=&#8220;center&#8220; body_line_height=&#8220;2em&#8220; background_color=&#8220;#303447&#8243; background_layout=&#8220;dark&#8220; width=&#8220;80%&#8220; module_alignment=&#8220;center&#8220; min_height=&#8220;100px&#8220; height=&#8220;150px&#8220; custom_padding=&#8220;20px|20px|20px|20px|true|true&#8220; border_radii=&#8220;on|15px|15px|15px|15px&#8220; box_shadow_style=&#8220;preset3&#8243; box_shadow_vertical=&#8220;40px&#8220; box_shadow_blur=&#8220;80px&#8220; box_shadow_spread=&#8220;-20px&#8220; box_shadow_color=&#8220;rgba(0,46,117,0.12)&#8220; locked=&#8220;off&#8220; global_colors_info=&#8220;{}&#8220; header_font_size__hover=&#8220;22px&#8220; header_font_size__hover_enabled=&#8220;22px&#8220; header_letter_spacing__hover=&#8220;0px&#8220; header_letter_spacing__hover_enabled=&#8220;0px&#8220; header_line_height__hover=&#8220;1em&#8220; header_line_height__hover_enabled=&#8220;1em&#8220; header_text_shadow_style__hover=&#8220;none&#8220; header_text_shadow_style__hover_enabled=&#8220;none&#8220; header_text_shadow_color__hover=&#8220;rgba(0,0,0,0.4)&#8220; header_text_shadow_color__hover_enabled=&#8220;rgba(0,0,0,0.4)&#8220; background__hover_enabled=&#8220;on|hover&#8220; background_color__hover=&#8220;#FC7069&#8243; background_enable_color__hover=&#8220;on&#8220;]<\/p>\n<h3><em><strong><\/strong><\/em><\/h3>\n<h3><em><strong><\/strong><\/em><\/h3>\n<h3><em><strong>Bankovn\u00ed spojen\u00ed:<\/strong><\/em><\/h3>\n<h3><em><strong>670100 \u2013 2209764481 \/ 6210<\/strong><\/em><\/h3>\n<p><em><strong>osv\u011bd\u010den\u00ed \u010cT\u00da:\u00a0 3378<\/strong><\/em><\/p>\n<p>[\/et_pb_blurb][\/et_pb_column][\/et_pb_row][\/et_pb_section][et_pb_section fb_built=&#8220;1&#8243; _builder_version=&#8220;4.9.0&#8243; _module_preset=&#8220;default&#8220; da_disable_devices=&#8220;off|off|off&#8220; da_is_popup=&#8220;off&#8220; da_exit_intent=&#8220;off&#8220; da_has_close=&#8220;on&#8220; da_alt_close=&#8220;off&#8220; da_dark_close=&#8220;off&#8220; da_not_modal=&#8220;on&#8220; da_is_singular=&#8220;off&#8220; da_with_loader=&#8220;off&#8220; da_has_shadow=&#8220;on&#8220;][et_pb_row _builder_version=&#8220;4.9.0&#8243; _module_preset=&#8220;default&#8220;][et_pb_column type=&#8220;4_4&#8243; _builder_version=&#8220;4.9.0&#8243; _module_preset=&#8220;default&#8220;][et_pb_map address=&#8220;Sedli\u0161t\u011b 111, 739 36 Sedli\u0161t\u011b, \u010cesko&#8220; zoom_level=&#8220;17&#8243; address_lat=&#8220;49.7217237&#8243; address_lng=&#8220;18.3522756&#8243; _builder_version=&#8220;4.9.0&#8243; _module_preset=&#8220;default&#8220;][et_pb_map_pin pin_address=&#8220;Sedli\u0161t\u011b 111, 739 36 Sedli\u0161t\u011b, \u010cesko&#8220; zoom_level=&#8220;13&#8243; pin_address_lat=&#8220;49.7217237&#8243; pin_address_lng=&#8220;18.3522756&#8243; _builder_version=&#8220;4.9.0&#8243; _module_preset=&#8220;default&#8220;][\/et_pb_map_pin][\/et_pb_map][\/et_pb_column][\/et_pb_row][\/et_pb_section][et_pb_section fb_built=&#8220;1&#8243; admin_label=&#8220;Footer&#8220; _builder_version=&#8220;4.9.0&#8243; use_background_color_gradient=&#8220;on&#8220; background_color_gradient_start=&#8220;#e02b20&#8243; background_color_gradient_end=&#8220;rgba(255,112,112,0.92)&#8220; background_color_gradient_direction=&#8220;337deg&#8220; background_color_gradient_start_position=&#8220;44%&#8220; background_color_gradient_end_position=&#8220;53%&#8220; background_image=&#8220;http:\/\/10.0.2.128\/wordpress\/wp-content\/uploads\/2021\/02\/isp-08.png&#8220; parallax=&#8220;on&#8220; max_width=&#8220;95%&#8220; max_width_tablet=&#8220;&#8220; max_width_phone=&#8220;&#8220; max_width_last_edited=&#8220;on|desktop&#8220; custom_margin=&#8220;||6vw|||&#8220; custom_padding=&#8220;18vw||0vw|||&#8220; top_divider_style=&#8220;wave2&#8243; top_divider_color=&#8220;#ffffff&#8220; top_divider_height=&#8220;10vw&#8220; top_divider_repeat=&#8220;0.7x&#8220; top_divider_flip=&#8220;vertical&#8220; animation_style=&#8220;fade&#8220; da_disable_devices=&#8220;off|off|off&#8220; border_radii=&#8220;on|30px|30px|30px|30px&#8220; locked=&#8220;off&#8220; collapsed=&#8220;off&#8220; da_is_popup=&#8220;off&#8220; da_exit_intent=&#8220;off&#8220; da_has_close=&#8220;on&#8220; da_alt_close=&#8220;off&#8220; da_dark_close=&#8220;off&#8220; da_not_modal=&#8220;on&#8220; da_is_singular=&#8220;off&#8220; da_with_loader=&#8220;off&#8220; da_has_shadow=&#8220;on&#8220;][et_pb_row _builder_version=&#8220;4.9.0&#8243; _module_preset=&#8220;default&#8220; width=&#8220;70%&#8220; custom_margin=&#8220;||||false|false&#8220; custom_padding=&#8220;||20px||false|false&#8220;][et_pb_column type=&#8220;4_4&#8243; _builder_version=&#8220;4.9.0&#8243; _module_preset=&#8220;default&#8220;][et_pb_text _builder_version=&#8220;4.9.0&#8243; _module_preset=&#8220;default&#8220; text_font=&#8220;Poppins|700|on||||||&#8220; text_font_size=&#8220;15px&#8220; header_font=&#8220;Poppins|700|||||||&#8220; header_text_align=&#8220;center&#8220; header_font_size=&#8220;25px&#8220; text_orientation=&#8220;center&#8220; custom_margin=&#8220;||0px|0px|false|false&#8220; custom_padding=&#8220;0px||0px||false|false&#8220;]<\/p>\n<h2><span style=\"color: #ffffff;\"><em><strong>Internetov\u00e9 slu\u017eby poskytujeme ji\u017e v\u00edce jak 21 let. <\/strong><\/em><\/span><\/h2>\n<h2><span style=\"color: #ffffff;\"><em><strong>Jsme m\u00edstn\u00ed a adresn\u00e1 firma, velmi dob\u0159e znal\u00e1 m\u00edstn\u00edch podm\u00ednek.<\/strong><\/em><\/span><\/h2>\n<h2><span style=\"color: #ffffff;\"><em><strong>V\u017edy um\u00edme naj\u00edt to nejvhodn\u011bj\u0161\u00ed\u00a0 \u0159e\u0161en\u00ed pro uspokojen\u00ed Va\u0161\u00ed popt\u00e1vky.<\/strong><\/em><\/span><\/h2>\n<p>[\/et_pb_text][\/et_pb_column][\/et_pb_row][\/et_pb_section]<\/p>\n<span class=\"et_bloom_bottom_trigger\"><\/span>","protected":false},"excerpt":{"rendered":"<p>[et_pb_section fb_built=&#8220;1&#8243; admin_label=&#8220;Header&#8220; _builder_version=&#8220;4.9.0&#8243; use_background_color_gradient=&#8220;on&#8220; background_color_gradient_start=&#8220;#e00b00&#8243; background_color_gradient_end=&#8220;rgba(224,89,0,0.29)&#8220; background_color_gradient_direction=&#8220;173deg&#8220; background_color_gradient_start_position=&#8220;21%&#8220; background_color_gradient_end_position=&#8220;77%&#8220; background_image=&#8220;http:\/\/240464.w64.wedos.ws\/wordpress\/wp-content\/uploads\/2021\/03\/pozadi-1.png&#8220; parallax=&#8220;on&#8220; max_width=&#8220;95%&#8220; max_width_tablet=&#8220;&#8220; max_width_phone=&#8220;&#8220; max_width_last_edited=&#8220;on|desktop&#8220; min_height=&#8220;370px&#8220; custom_margin=&#8220;1vw||1px||false|false&#8220; custom_padding=&#8220;||||true|false&#8220; bottom_divider_style=&#8220;wave2&#8243; bottom_divider_color=&#8220;#ffffff&#8220; bottom_divider_height=&#8220;10vw&#8220; bottom_divider_repeat=&#8220;0.7x&#8220; animation_style=&#8220;slide&#8220; animation_direction=&#8220;bottom&#8220; animation_intensity_slide=&#8220;1%&#8220; da_disable_devices=&#8220;off|off|off&#8220; border_radii=&#8220;on|24px|24px|24px|24px&#8220; locked=&#8220;off&#8220; da_is_popup=&#8220;off&#8220; da_exit_intent=&#8220;off&#8220; da_has_close=&#8220;on&#8220; da_alt_close=&#8220;off&#8220; da_dark_close=&#8220;off&#8220; da_not_modal=&#8220;on&#8220; da_is_singular=&#8220;off&#8220; da_with_loader=&#8220;off&#8220; da_has_shadow=&#8220;on&#8220;][et_pb_row column_structure=&#8220;3_4,1_4&#8243; use_custom_gutter=&#8220;on&#8220; module_class=&#8220; et_pb_row_fullwidth&#8220; _builder_version=&#8220;4.9.0&#8243; width=&#8220;98%&#8220; width_tablet=&#8220;80%&#8220; width_phone=&#8220;&#8220; width_last_edited=&#8220;on|desktop&#8220; max_width_tablet=&#8220;80%&#8220; max_width_phone=&#8220;&#8220; max_width_last_edited=&#8220;on|desktop&#8220; module_alignment=&#8220;center&#8220; custom_margin=&#8220;-40px||||false|false&#8220; custom_padding=&#8220;||||false|false&#8220; animation_style=&#8220;slide&#8220; animation_direction=&#8220;left&#8220; [&hellip;]<\/p>\n","protected":false},"author":1,"featured_media":0,"parent":0,"menu_order":0,"comment_status":"closed","ping_status":"closed","template":"","meta":{"_et_pb_use_builder":"on","_et_pb_old_content":"","_et_gb_content_width":"","footnotes":"","_links_to":"","_links_to_target":""},"class_list":["post-2391","page","type-page","status-publish","hentry"],"_links":{"self":[{"href":"https:\/\/albrnet.cz\/index.php?rest_route=\/wp\/v2\/pages\/2391","targetHints":{"allow":["GET"]}}],"collection":[{"href":"https:\/\/albrnet.cz\/index.php?rest_route=\/wp\/v2\/pages"}],"about":[{"href":"https:\/\/albrnet.cz\/index.php?rest_route=\/wp\/v2\/types\/page"}],"author":[{"embeddable":true,"href":"https:\/\/albrnet.cz\/index.php?rest_route=\/wp\/v2\/users\/1"}],"replies":[{"embeddable":true,"href":"https:\/\/albrnet.cz\/index.php?rest_route=%2Fwp%2Fv2%2Fcomments&post=2391"}],"version-history":[{"count":47,"href":"https:\/\/albrnet.cz\/index.php?rest_route=\/wp\/v2\/pages\/2391\/revisions"}],"predecessor-version":[{"id":3381,"href":"https:\/\/albrnet.cz\/index.php?rest_route=\/wp\/v2\/pages\/2391\/revisions\/3381"}],"wp:attachment":[{"href":"https:\/\/albrnet.cz\/index.php?rest_route=%2Fwp%2Fv2%2Fmedia&parent=2391"}],"curies":[{"name":"wp","href":"https:\/\/api.w.org\/{rel}","templated":true}]}}