{"id":1205,"date":"2021-02-19T11:08:10","date_gmt":"2021-02-19T10:08:10","guid":{"rendered":"http:\/\/240464.w64.wedos.ws\/wordpress\/forum\/"},"modified":"2021-03-19T14:17:35","modified_gmt":"2021-03-19T13:17:35","slug":"forum","status":"publish","type":"page","link":"https:\/\/albrnet.cz\/?page_id=1205","title":{"rendered":"Novinky a  informace t\u00fdkaj\u00edc\u00ed se s\u00edt\u011b Albrnet.cz"},"content":{"rendered":"[et_pb_section fb_built=&#8220;1&#8243; admin_label=&#8220;section&#8220; _builder_version=&#8220;3.22&#8243; da_disable_devices=&#8220;off|off|off&#8220; da_is_popup=&#8220;off&#8220; da_exit_intent=&#8220;off&#8220; da_has_close=&#8220;on&#8220; da_alt_close=&#8220;off&#8220; da_dark_close=&#8220;off&#8220; da_not_modal=&#8220;on&#8220; da_is_singular=&#8220;off&#8220; da_with_loader=&#8220;off&#8220; da_has_shadow=&#8220;on&#8220;][et_pb_row admin_label=&#8220;row&#8220; _builder_version=&#8220;3.25&#8243; background_size=&#8220;initial&#8220; background_position=&#8220;top_left&#8220; background_repeat=&#8220;repeat&#8220;][et_pb_column type=&#8220;4_4&#8243; _builder_version=&#8220;3.25&#8243; custom_padding=&#8220;|||&#8220; custom_padding__hover=&#8220;|||&#8220;][et_pb_text admin_label=&#8220;Text&#8220; _builder_version=&#8220;3.27.4&#8243; background_size=&#8220;initial&#8220; background_position=&#8220;top_left&#8220; background_repeat=&#8220;repeat&#8220;]<div id=\"af-wrapper\"><div id=\"forum-header\"><div id=\"forum-navigation-mobile\"><a><span class=\"fas fa-bars\"><\/span>Menu<\/a><\/div><span class=\"screen-reader-text\">Navigace f\u00f3ra<\/span><div id=\"forum-navigation\"><a class=&quot;home-link&quot; href=\"https:\/\/albrnet.cz\/?page_id=1205\" target=\"_self\">F\u00f3rum<\/a><a class=&quot;activity-link&quot; href=\"https:\/\/albrnet.cz\/?page_id=1205&#038;view=activity\" target=\"_self\">Aktivita<\/a><a class=&quot;login-link&quot; href=\"https:\/\/albrnet.cz\/wp-login.php?redirect_to=https%3A%2F%2Falbrnet.cz%2Findex.php%3Frest_route%3D%252Fwp%252Fv2%252Fpages%252F1205\" target=\"_self\">P\u0159ihl\u00e1sit se<\/a><a class=&quot;register-link&quot; href=\"https:\/\/albrnet.cz\/wp-login.php?action=register\" target=\"_self\">Registrovat<\/a><\/div><div id=\"forum-search\"><span class=\"search-icon fas fa-search\"><\/span><form method=\"get\" action=\"https:\/\/albrnet.cz\/?page_id=1205&#038;view=search\"><input name=\"view\" type=\"hidden\" value=\"search\"><input name=\"keywords\" type=\"search\" placeholder=\"Hledat ...\" value=\"\"><\/form><\/div><div class=\"clear\"><\/div><\/div><div id=\"forum-breadcrumbs\" itemscope itemtype=\"http:\/\/schema.org\/BreadcrumbList\"><span class=\"screen-reader-text\">Navigace f\u00f3ra - nach\u00e1z\u00edte se zde:<\/span><span class=\"breadcrumb-icon fas fa-home\"><\/span><span itemprop=\"itemListElement\" itemscope itemtype=\"https:\/\/schema.org\/ListItem\"><a itemprop=\"item\" href=\"https:\/\/albrnet.cz\/?page_id=1205\" title=\"Nov\u00e9 informace t\u00fdkaj\u00edc\u00ed se s\u00edt\u011b Albrnet.cz\"><span itemprop=\"name\">Nov\u00e9 informace t\u00fdkaj\u00edc\u00ed se s\u00edt\u011b Albrnet.cz<\/span><\/a><meta itemprop=\"position\" content=\"1\"><\/span><span class=\"breadcrumb-icon fas fa-chevron-right separator\"><\/span><\/div><div id=\"affu-ajax-login\" style=\"display:none\">\r\n\t<form id=\"affu_login_form\" class=\"affu_login_form\" action=\"\" method=\"post\" name=\"affu_login_form\">\r\n\t\t\t<div class=\"affu-form-container\">\r\n\t\t\t\t<div class=\"affu-form-row\">\r\n\t\t\t\t\t<div class=\"affu-form-field\">\r\n\t\t\t\t\t\t<div class=\"affu-error\">\r\n\t\t\t\t\t\t\t<p id=\"affu-login-error-message\"><\/p>\r\n\t\t\t\t\t\t<\/div>\r\n\t\t\t\t\t\t<div class=\"affu-sucess\">\r\n\t\t\t\t\t\t\t<p id=\"affu-login-success-message\"><\/p>\r\n\t\t\t\t\t\t<\/div>\r\n\t\t\t\t\t<\/div>\r\n\t\t\t\t\t<div class=\"affu-form-field hide-on-success\">\r\n\t\t\t\t\t\t<div class=\"affu-form-icon\">\r\n\t\t\t\t\t\t\t<i class=\"fas fa-user\"><\/i>\r\n\t\t\t\t\t\t<\/div>\r\n\t\t\t\t\t\t<div class=\"affu-form-input\">\r\n\t\t\t\t\t\t\t<input id=\"affu_l_login\" class=\"affu-form-input\" type=\"text\" name=\"affu_login\" placeholder=\"Username or Email\">\r\n\t\t\t\t\t\t<\/div>\r\n\t\t\t\t\t<\/div>\r\n\t\t\t\t\t<div class=\"affu-form-field hide-on-success\">\r\n\t\t\t\t\t\t<div class=\"affu-form-icon\">\r\n\t\t\t\t\t\t\t<i class=\"fas fa-lock\"><\/i>\r\n\t\t\t\t\t\t<\/div>\r\n\t\t\t\t\t\t<div class=\"affu-form-input\">\r\n\t\t\t\t\t\t\t<input id=\"affu_l_password\" class=\"affu-form-input\" type=\"password\" name=\"affu_password\" placeholder=\"Password\">\r\n\t\t\t\t\t\t<\/div>\r\n\t\t\t\t\t<\/div>\t\r\n\t\t\t\t\t<div class=\"affu-form-field hide-on-success\">\r\n\t\t\t\t\t\t<button type=\"submit\" class=\"affu-form-submit\">\r\n\t\t\t\t\t\t\t<span id=\"affu-form-submit-text\">Login<\/span>\r\n\t\t\t\t\t\t\t<img decoding=\"async\" style=\"display:none\" id=\"affu-ajax-loader\" src=\"https:\/\/albrnet.cz\/wp-content\/plugins\/quenso-asgaros-forum-frontend-utilities\/assets\/img\/ajax_loader.gif\">\r\n\t\t\t\t\t\t<\/button>\r\n\t\t\t\t\t<\/div>\r\n\t\t\t\t<\/div>\r\n\t\t\t\t<div class=\"affu-form-row\">\r\n\t\t\t\t\t<div class=\"affu-form-field hide-on-success\">\r\n\t\t\t\t\t\t<div class=\"affu-form-checkbox\">\r\n\t\t\t\t\t\t\t<input type=\"checkbox\" alt=\"Remember Me\" value=\"yes\" id=\"affu_l_remember\" name=\"affu_remember\" checked=\"\">\r\n\t\t\t\t\t\t\t<label for=\"affu_remember\">Remember me<\/label>\r\n\t\t\t\t\t\t<\/div>\r\n\t\t\t\t\t\t\t\t\t\t\t\t<div class=\"affu-form-link\">\r\n\t\t\t\t\t\t\t<a class=\"affu-form-link reset-password\">Forgot Password<\/a>\r\n\t\t\t\t\t\t<\/div>\r\n\t\t\t\t\t\t\t\t\t\t\t<\/div>\r\n\t\t\t\t<\/div>\r\n\t\t\t<\/div>\r\n\t\t<input type=\"hidden\" id=\"affu_l_redirect\" name=\"affu_redirect\" value=\"https:\/\/albrnet.cz\"\/>\r\n\t\t<input type=\"hidden\" id=\"affu_l_nonce\" name=\"affu_nonce\" value=\"415c623779\"\/>\r\n\t<\/form>\r\n<\/div><div id=\"affu-ajax-reset-password\" style=\"display:none\">\r\n\t<form id=\"affu_reset_password_form\" class=\"affu_reset_password_form\" action=\"\" method=\"post\" name=\"affu_reset_password_form\">\r\n\t\t\t<div class=\"affu-form-container\">\r\n\t\t\t\t<div class=\"affu-form-row\">\r\n\t\t\t\t\t<div class=\"affu-form-field\">\r\n\t\t\t\t\t\t<p class=\"hide-on-success\">Please enter your username or email address.<\/p>\r\n\t\t\t\t\t\t<p class=\"hide-on-success\">You will receive a link to create a new password via email.<\/p>\r\n\t\t\t\t\t\t<p style=\"color:green;\" id=\"affu-reset-password-success-message\"><\/p>\r\n\t\t\t\t\t<\/div>\r\n\t\t\t\t\t<div class=\"affu-form-field\">\r\n\t\t\t\t\t\t<div class=\"affu-error\">\r\n\t\t\t\t\t\t\t<p id=\"affu-reset-password-error-message\"><\/p>\r\n\t\t\t\t\t\t<\/div>\r\n\t\t\t\t\t<\/div>\r\n\t\t\t\t\t<div class=\"affu-form-field hide-on-success\">\r\n\t\t\t\t\t\t<div class=\"affu-form-icon\">\r\n\t\t\t\t\t\t\t<i class=\"fas fa-user\"><\/i>\r\n\t\t\t\t\t\t<\/div>\r\n\t\t\t\t\t\t<div class=\"affu-form-input\">\r\n\t\t\t\t\t\t\t<input id=\"affu_rp_login\" class=\"affu-form-input\" type=\"text\" name=\"affu_login\" placeholder=\"Username or Email\">\r\n\t\t\t\t\t\t<\/div>\r\n\t\t\t\t\t<\/div>\r\n\t\t\t\t\t<div class=\"affu-form-field hide-on-success\">\r\n\t\t\t\t\t\t<button type=\"submit\" class=\"affu-form-submit\">\r\n\t\t\t\t\t\t\t<span id=\"affu-form-submit-text\">Reset Password<\/span>\r\n\t\t\t\t\t\t\t<img decoding=\"async\" style=\"display:none\" id=\"affu-ajax-loader\" src=\"https:\/\/albrnet.cz\/wp-content\/plugins\/quenso-asgaros-forum-frontend-utilities\/assets\/img\/ajax_loader.gif\">\r\n\t\t\t\t\t\t<\/button>\r\n\t\t\t\t\t<\/div>\r\n\t\t\t\t<\/div>\r\n\t\t\t<\/div>\r\n\t<input type=\"hidden\" id=\"affu_rp_nonce\" name=\"affu_nonce\" value=\"1f08a65331\"\/>\r\n\t<\/form>\r\n<\/div><div id=\"affu-ajax-register\" style=\"display:none\">\r\n\t<form id=\"affu_register_form\" class=\"affu_register_form\" action=\"\" method=\"post\" name=\"affu_register_form\">\r\n\t\t\t<div class=\"affu-form-container\">\r\n\t\t\t\t<div class=\"affu-form-row\">\r\n\t\t\t\t\t<div class=\"affu-form-field\">\r\n\t\t\t\t\t\t<div class=\"affu-error\">\r\n\t\t\t\t\t\t\t<p id=\"affu-register-error-message\"><\/p>\r\n\t\t\t\t\t\t<\/div>\r\n\t\t\t\t\t\t<div class=\"affu-confirm\">\r\n\t\t\t\t\t\t\t<p id=\"affu-register-confirm-message\"><\/p>\r\n\t\t\t\t\t\t<\/div>\r\n\t\t\t\t\t<\/div>\r\n\t\t\t\t\t<div class=\"affu-form-field hide-on-confirm\">\r\n\t\t\t\t\t\t<div class=\"affu-form-icon\">\r\n\t\t\t\t\t\t\t<i class=\"fas fa-user\"><\/i>\r\n\t\t\t\t\t\t<\/div>\r\n\t\t\t\t\t\t<div class=\"affu-form-input\">\r\n\t\t\t\t\t\t\t<input id=\"affu_r_username\" class=\"affu-form-input\" type=\"text\" name=\"affu_username\" placeholder=\"Username\">\r\n\t\t\t\t\t\t<\/div>\r\n\t\t\t\t\t<\/div>\r\n\t\t\t\t\t<div class=\"affu-form-field hide-on-confirm\">\r\n\t\t\t\t\t\t<div class=\"affu-form-icon\">\r\n\t\t\t\t\t\t\t<i class=\"fas fa-envelope\"><\/i>\r\n\t\t\t\t\t\t<\/div>\r\n\t\t\t\t\t\t<div class=\"affu-form-input\">\r\n\t\t\t\t\t\t\t<input id=\"affu_r_email\" class=\"affu-form-input\" type=\"email\" name=\"affu_email\" placeholder=\"Email\">\r\n\t\t\t\t\t\t<\/div>\r\n\t\t\t\t\t<\/div>\r\n\t\t\t\t\t<div class=\"affu-form-field hide-on-confirm\">\r\n\t\t\t\t\t\t<div class=\"affu-form-icon\">\r\n\t\t\t\t\t\t\t<i class=\"fas fa-lock\"><\/i>\r\n\t\t\t\t\t\t<\/div>\r\n\t\t\t\t\t\t<div class=\"affu-form-input\">\r\n\t\t\t\t\t\t\t<input id=\"affu_r_password\" class=\"affu-form-input\" type=\"password\" name=\"affu_password\" placeholder=\"Password\">\r\n\t\t\t\t\t\t<\/div>\r\n\t\t\t\t\t<\/div>\r\n\t\t\t\t\t<div class=\"affu-form-field hide-on-confirm\">\r\n\t\t\t\t\t\t<div class=\"affu-form-icon\">\r\n\t\t\t\t\t\t\t<i class=\"fas fa-redo-alt\"><\/i>\r\n\t\t\t\t\t\t<\/div>\r\n\t\t\t\t\t\t<div class=\"affu-form-input\">\r\n\t\t\t\t\t\t\t<input id=\"affu_r_password2\" class=\"affu-form-input\" type=\"password\" name=\"affu_password2\" placeholder=\"Confirm Password\">\r\n\t\t\t\t\t\t<\/div>\r\n\t\t\t\t\t<\/div>\r\n\t\t\t\t\t<div class=\"affu-form-field hide-on-confirm\">\r\n\t\t\t\t\t\t<button type=\"submit\" class=\"affu-form-submit\">\r\n\t\t\t\t\t\t\t<span id=\"affu-form-submit-text\">Register<\/span>\r\n\t\t\t\t\t\t\t<img decoding=\"async\" style=\"display:none\" id=\"affu-ajax-loader\" src=\"https:\/\/albrnet.cz\/wp-content\/plugins\/quenso-asgaros-forum-frontend-utilities\/assets\/img\/ajax_loader.gif\">\r\n\t\t\t\t\t\t<\/button>\r\n\t\t\t\t\t<\/div>\r\n\t\t\t\t<\/div>\r\n\t\t\t<\/div>\r\n\t\t<input type=\"hidden\" id=\"affu_r_redirect\" name=\"affu_redirect\" value=\"https:\/\/albrnet.cz\/?page_id=1205\"\/>\r\n\t\t<input type=\"hidden\" id=\"affu_r_nonce\" name=\"affu_nonce\" value=\"e17e50430b\"\/>\r\n\t<\/form>\r\n<\/div>\t\t\t<div id=\"affu-edit-profile\" style=\"display:none\">\r\n\t\t\t\t<div id=\"edit-profile\">\t\t\t\t\t\t\r\n\t\t\t\t\t<form id=\"affu_profile_editor\" class=\"affu_profile_form\" action=\"https:\/\/albrnet.cz\" method=\"post\" enctype=\"multipart\/form-data\">\r\n\t\t\t\t\t\r\n\t\t\t\t\t\t<fieldset id=\"affu_profile_personal_fieldset\">\t\t\t\t\t\t\t\t\r\n\t\t\t\t\t\t\t<legend id=\"affu_profile_personal_label\">Personal<\/legend>\t\t\t\t\t\t\t\t\t\r\n\t\t\t\t\t\t\t<p id=\"affu_profile_first_name_wrap\">\r\n\t\t\t\t\t\t\t\t<label for=\"affu_first_name\">First Name:<\/label>\r\n\t\t\t\t\t\t\t\t<input name=\"affu_first_name\" id=\"affu_first_name\" class=\"text affu-input\" type=\"text\" value=\"\" \/>\r\n\t\t\t\t\t\t\t<\/p>\t\t\t\t\t\t\t\t\t\r\n\t\t\t\t\t\t\t<p id=\"affu_profile_last_name_wrap\">\r\n\t\t\t\t\t\t\t\t<label for=\"affu_last_name\">Last Name:<\/label>\r\n\t\t\t\t\t\t\t\t<input name=\"affu_last_name\" id=\"affu_last_name\" class=\"text affu-input\" type=\"text\" value=\"\" \/>\r\n\t\t\t\t\t\t\t<\/p>\t\t\t\t\t\t\t\t\t\r\n\t\t\t\t\t\t\t<p id=\"affu_profile_nickname_wrap\">\r\n\t\t\t\t\t\t\t\t<label for=\"affu_nickname\">Nickname:<\/label>\r\n\t\t\t\t\t\t\t\t<input name=\"affu_nickname\" id=\"affu_nickname\" class=\"text affu-input\" type=\"text\" value=\"\" \/>\r\n\t\t\t\t\t\t\t<\/p>\t\t\t\t\t\t\t\t\t\r\n\t\t\t\t\t\t\t<p id=\"affu_profile_website_wrap\">\r\n\t\t\t\t\t\t\t\t<label for=\"affu_website\">Website:<\/label>\r\n\t\t\t\t\t\t\t\t<input name=\"affu_website\" id=\"affu_website\" class=\"text affu-input\" type=\"url\" value=\"\" \/>\r\n\t\t\t\t\t\t\t<\/p>\t\t\t\t\t\t\t\t\t\r\n\t\t\t\t\t\t\t<p id=\"affu_profile_display_name_wrap\">\r\n\t\t\t\t\t\t\t\t<label for=\"affu_display_name\">Display Name:<\/label>\r\n\t\t\t\t\t\t\t\t<select name=\"affu_display_name\" id=\"affu_display_name\" class=\"select affu-select\">\r\n\t\t\t\t\t\t\t\t\t<option  selected='selected' value=\"\"><\/option>\r\n\t\t\t\t\t\t\t\t\t\t\t\t\t\t\t\t\t\t\t\t\t\t\t\t\t\t\t\t\t\t\t\t\t\t\t<\/select>\r\n\t\t\t\t\t\t\t<\/p>\t\t\t\t\t\t\t\t\t\r\n\t\t\t\t\t\t\t<p id=\"affu_profile_biography_wrap\">\r\n\t\t\t\t\t\t\t\t<label for=\"affu_biography\">Biographical Info:<\/label>\r\n\t\t\t\t\t\t\t\t<textarea cols=\"50\" rows=\"10\" name=\"affu_biography\" id=\"affu_biography\" class=\"text affu-input\" type=\"text\"><\/textarea>\r\n\t\t\t\t\t\t\t<\/p>\r\n\t\t\t\t\t\t\t\t\t\t\t\t\t\t\t\r\n\t\t\t\t\t\t<\/fieldset>\r\n\t\t\t\t\t\t\t\t\t\t\t\t<fieldset id=\"affu_profile_forum_fieldset\">\t\t\t\t\t\t\t\t\r\n\t\t\t\t\t\t\t<legend id=\"affu_profile_forum_label\">Forum<\/legend>\t\t\t\t\t\t\t\t\t\r\n\t\t\t\t\t\t\t\t\t\t\t\t\t\t\t<p id=\"affu_profile_mention_wrap\">\r\n\t\t\t\t\t\t\t\t\t<label for=\"affu_mention\">Notify me when mentioned:<\/label>\r\n\t\t\t\t\t\t\t\t\t<input name=\"affu_mention\" id=\"affu_mention\" class=\"checkbox affu-input\" type=\"checkbox\" value=\"1\" \/>\r\n\t\t\t\t\t\t\t\t<\/p>\r\n\t\t\t\t\t\t\t\t\t\t\t\t\t\t\t\r\n\t\t\t\t\t\t\t\t\t\t\t\t\t\t\t<p id=\"affu_profile_avatar_wrap\">\r\n\t\t\t\t\t\t\t\t\t<label for=\"affu_avatar\">Profile picture:<\/label>\t\t\t\t\t\t\t\r\n\t\t\t\t\t\t\t\t\t<input name=\"affu_avatar\" id=\"affu_avatar\" class=\"file affu-input\" type=\"file\" accept=\"image\/*\" \/>\r\n\t\t\t\t\t\t\t\t<\/p>\r\n\t\t\t\t\t\t\t\t\t\t\t\t\t\t\t\t\r\n\t\t\t\t\t\t\t\t\r\n\t\t\t\t\t\t\t\t<p id=\"affu_profile_signature_wrap\">\r\n\t\t\t\t\t\t\t\t\t<label for=\"affu_signature\">Signature:<\/label>\r\n\t\t\t\t\t\t\t\t\t<textarea cols=\"50\" rows=\"10\" name=\"affu_signature\" id=\"affu_signature\" class=\"text affu-input\" type=\"text\"><\/textarea>\r\n\t\t\t\t\t\t\t\t<\/p>\r\n\t\t\t\t\t\t\t\t<p id=\"affu_profile_signature_info\">\r\n\t\t\t\t\t\t\t\t\t<label>&nbsp;<\/label>\r\n\t\t\t\t\t\t\t\t\t<span>\r\n\t\t\t\t\t\t\t\t\t\t\t\t\t\t\t\t\t\t\tYou can use the following HTML tags in signatures: <br><code>&lt;br&gt;&lt;a&gt;&lt;i&gt;&lt;b&gt;&lt;u&gt;&lt;s&gt;&lt;img&gt;&lt;strong&gt;<\/code>\r\n\t\t\t\t\t\t\t\t\t\t\t\t\t\t\t\t\t\t<\/span>\r\n\t\t\t\t\t\t\t\t<\/p>\r\n\t\t\t\t\t\t\t\t\t\t\t\t\t\t\t\t\t\t\t<\/fieldset>\r\n\t\t\t\t\t\t<fieldset id=\"affu_profile_account_fieldset\">\r\n\t\t\t\t\t\t\t<legend id=\"affu_profile_account_label\">Account<\/legend>\t\t\t\t\t\t\t\t\t\r\n\t\t\t\t\t\t\t<p id=\"affu_profile_email_wrap\">\r\n\t\t\t\t\t\t\t\t<label for=\"affu_email\">Email Address:<\/label>\r\n\t\t\t\t\t\t\t\t<input name=\"affu_email\" id=\"affu_email\" class=\"text affu-input required\" type=\"email\" value=\"\" \/>\r\n\t\t\t\t\t\t\t<\/p>\t\t\t\t\t\t\t\t\t\r\n\t\t\t\t\t\t\t<p id=\"affu_profile_password_wrap\">\r\n\t\t\t\t\t\t\t\t<label for=\"affu_user_pass\">New Password:<\/label>\r\n\t\t\t\t\t\t\t\t<input name=\"affu_new_user_pass1\" id=\"affu_new_user_pass1\" class=\"password affu-input\" type=\"password\"\/>\r\n\t\t\t\t\t\t\t<\/p>\r\n\t\t\t\t\t\t\t<p id=\"affu_profile_confirm_password_wrap\">\r\n\t\t\t\t\t\t\t\t<label for=\"affu_user_pass\">Re-enter Password:<\/label>\r\n\t\t\t\t\t\t\t\t<input name=\"affu_new_user_pass2\" id=\"affu_new_user_pass2\" class=\"password affu-input\" type=\"password\"\/>\r\n\t\t\t\t\t\t\t<\/p>\r\n\t\t\t\t\t\t<\/fieldset>\t\t\t\t\t\t\t\t\r\n\t\t\t\t\t\t<fieldset id=\"affu_profile_submit_fieldset\">\r\n\t\t\t\t\t\t\t<p id=\"affu_profile_submit_wrap\">\r\n\t\t\t\t\t\t\t\t<input type=\"hidden\" name=\"affu_profile_editor_nonce\" value=\"82ebcfb6c5\"\/>\r\n\t\t\t\t\t\t\t\t<input name=\"affu_profile_editor_submit\" id=\"affu_profile_editor_submit\" type=\"submit\" class=\"affu_submit affu-submit\" value=\"Save Changes\"\/>\r\n\t\t\t\t\t\t\t<\/p>\r\n\t\t\t\t\t\t<\/fieldset>\r\n\t\t\t\t\t\t\t\t\t\t<\/form>\t\t\t\t\t\t\r\n\t\t\t\t<\/div>\r\n\t\t\t\t\t\t\t\t\t<a href=\"\" class=\"affu-back-to-profile\">\r\n\t\t\t\t\t\t<span class=\"fas fa-arrow-left\"><\/span>\r\n\t\t\t\t\tBack to profile<\/a><\/div><h1 class=\"main-title main-title-\">Nov\u00e9 informace t\u00fdkaj\u00edc\u00ed se s\u00edt\u011b Albrnet.cz<\/h1><div class=\"title-element\" id=\"forum-category-28\">ALBRNET: dokumenty<span class=\"last-post-headline\">Posledn\u00ed p\u0159\u00edsp\u011bvek<\/span><\/div><div class=\"content-container\"><div class=\"content-element forum\" id=\"forum-7\"><div class=\"forum-status unread\"><i class=\"fas fa-comments\"><\/i><\/div><div class=\"forum-name\"><a class=\"forum-title\" href=\"https:\/\/albrnet.cz\/?page_id=1205&#038;view=forum&#038;id=7\">DOKUMENTY KE STA\u017dEN\u00cd<\/a><small class=\"forum-description\">F\u00f3rum ur\u010den\u00e9 jen pro nep\u0159ihl\u00e1\u0161en\u00e9 u\u017eivatele<\/small><small class=\"forum-stats\">5 t\u00e9mat&nbsp;&middot;&nbsp;5 p\u0159\u00edsp\u011bvk\u016f<\/small><small class=\"forum-lastpost-small\">Posledn\u00ed p\u0159\u00edsp\u011bvek:&nbsp;<a href=\"https:\/\/albrnet.cz\/?page_id=1205&#038;view=topic&#038;id=2124#postid-2125\">Shrnut\u00ed smlouvy<\/a>&nbsp;&middot;&nbsp;<a href=\"https:\/\/albrnet.cz\/?page_id=1205&#038;view=topic&#038;id=2124#postid-2125\">P\u0159ed 1 rokem<\/a>&nbsp;&middot;&nbsp;<span class=\"highlight-admin\">admin<\/span><\/small><small class=\"forum-subforums\"><b>Podf\u00f3ra:<\/b>&nbsp;<a href=\"https:\/\/albrnet.cz\/?page_id=1205&#038;view=forum&#038;id=1\">ALBRNET: cen\u00edk s parametry slu\u017eby internet<\/a>&nbsp;&middot;&nbsp;<a href=\"https:\/\/albrnet.cz\/?page_id=1205&#038;view=forum&#038;id=3\">ALBRNET: v\u0161eobecn\u00e9 obchodn\u00ed podm\u00ednky<\/a>&nbsp;&middot;&nbsp;<a href=\"https:\/\/albrnet.cz\/?page_id=1205&#038;view=forum&#038;id=4\">ALBRNET: n\u00e1vrh specifikace slu\u017eby<\/a>&nbsp;&middot;&nbsp;<a href=\"https:\/\/albrnet.cz\/?page_id=1205&#038;view=forum&#038;id=5\">ALBRNET: n\u00e1vrh smlouvy<\/a>&nbsp;&middot;&nbsp;<a href=\"https:\/\/albrnet.cz\/?page_id=1205&#038;view=forum&#038;id=11\">Shrnut\u00ed smlouvy<\/a><\/small><\/div><div class=\"forum-poster\"><div class=\"forum-poster-avatar\"><img loading=\"lazy\" decoding=\"async\" width=\"40\" height=\"38\" src=\"https:\/\/albrnet.cz\/wp-content\/uploads\/2021\/03\/hlava.png\" class=\"avatar avatar-40 photo\" alt=\"\" \/><\/div><div class=\"forum-poster-summary\"><a href=\"https:\/\/albrnet.cz\/?page_id=1205&#038;view=topic&#038;id=2124#postid-2125\">Shrnut\u00ed smlouvy<\/a><br><small><a href=\"https:\/\/albrnet.cz\/?page_id=1205&#038;view=topic&#038;id=2124#postid-2125\">P\u0159ed 1 rokem<\/a><span>&nbsp;&middot;&nbsp;<\/span><span class=\"highlight-admin\">admin<\/span><\/small><\/div><\/div><\/div><div class=\"content-element forum\" id=\"forum-8\"><div class=\"forum-status unread\"><i class=\"fas fa-comments\"><\/i><\/div><div class=\"forum-name\"><a class=\"forum-title\" href=\"https:\/\/albrnet.cz\/?page_id=1205&#038;view=forum&#038;id=8\">ISP<\/a><small class=\"forum-description\">F\u00f3rum ur\u010den\u00e9 jen pro nep\u0159ihl\u00e1\u0161en\u00e9 u\u017eivatele<\/small><small class=\"forum-stats\">2 t\u00e9mata&nbsp;&middot;&nbsp;2 p\u0159\u00edsp\u011bvky<\/small><small class=\"forum-lastpost-small\">Posledn\u00ed p\u0159\u00edsp\u011bvek:&nbsp;<a href=\"https:\/\/albrnet.cz\/?page_id=1205&#038;view=topic&#038;id=9#postid-10\">Sloupy pro nadzemn\u00ed veden\u00ed optick\u00e9 &#8230;<\/a>&nbsp;&middot;&nbsp;<a href=\"https:\/\/albrnet.cz\/?page_id=1205&#038;view=topic&#038;id=9#postid-10\">P\u0159ed 5 roky<\/a>&nbsp;&middot;&nbsp;<span class=\"highlight-admin\">admin<\/span><\/small><small class=\"forum-subforums\"><b>Podf\u00f3ra:<\/b>&nbsp;<a href=\"https:\/\/albrnet.cz\/?page_id=1205&#038;view=forum&#038;id=9\">FIBER BOX<\/a>&nbsp;&middot;&nbsp;<a href=\"https:\/\/albrnet.cz\/?page_id=1205&#038;view=forum&#038;id=10\">SLOUPY PRO NADZEMN\u00cd VEDEN\u00cd OPTICK\u00c9HO VL\u00c1KNA<\/a><\/small><\/div><div class=\"forum-poster\"><div class=\"forum-poster-avatar\"><img loading=\"lazy\" decoding=\"async\" width=\"40\" height=\"38\" src=\"https:\/\/albrnet.cz\/wp-content\/uploads\/2021\/03\/hlava.png\" class=\"avatar avatar-40 photo\" alt=\"\" \/><\/div><div class=\"forum-poster-summary\"><a href=\"https:\/\/albrnet.cz\/?page_id=1205&#038;view=topic&#038;id=9#postid-10\">Sloupy pro nadzemn\u00ed veden &#8230;<\/a><br><small><a href=\"https:\/\/albrnet.cz\/?page_id=1205&#038;view=topic&#038;id=9#postid-10\">P\u0159ed 5 roky<\/a><span>&nbsp;&middot;&nbsp;<\/span><span class=\"highlight-admin\">admin<\/span><\/small><\/div><\/div><\/div><\/div><div id=\"read-unread\"><span class=\"indicator unread\"><\/span><span class=\"indicator-label\">Nov\u00e9 p\u0159\u00edsp\u011bvky<\/span><span class=\"indicator read\"><\/span><span class=\"indicator-label\">Nic nov\u00e9ho<\/span><span class=\"indicator-label\"><span class=\"fas fa-check\"><\/span><a href=\"https:\/\/albrnet.cz\/?page_id=1205&#038;view=markallread\">Ozna\u010dit v\u0161e jako p\u0159e\u010dten\u00e9<\/a><\/span><span class=\"indicator-label\"><span class=\"fas fa-history\"><\/span><a href=\"https:\/\/albrnet.cz\/?page_id=1205&#038;view=unread\">Zobrazit nep\u0159e\u010dten\u00e1 t\u00e9mata<\/a><\/span><div class=\"clear\"><\/div><\/div><div id=\"statistics\"><div class=\"title-element title-element-dark\"><span class=\"title-element-icon fas fa-chart-pie\"><\/span>Statistiky<\/div><div id=\"statistics-body\"><div id=\"statistics-elements\"><div class=\"statistics-element\"><div class=\"element-number\"><span class=\"statistics-element-icon far fa-comments\"><\/span>2&nbsp;083<\/div><div class=\"element-name\">T\u00e9mata<\/div><\/div><div class=\"statistics-element\"><div class=\"element-number\"><span class=\"statistics-element-icon far fa-comment\"><\/span>2&nbsp;083<\/div><div class=\"element-name\">P\u0159\u00edsp\u011bvky<\/div><\/div><div class=\"statistics-element\"><div class=\"element-number\"><span class=\"statistics-element-icon far fa-eye\"><\/span>2&nbsp;144<\/div><div class=\"element-name\">Zobrazen\u00ed<\/div><\/div><div class=\"statistics-element\"><div class=\"element-number\"><span class=\"statistics-element-icon far fa-user\"><\/span>14<\/div><div class=\"element-name\">U\u017eivatel\u00e9<\/div><\/div><div class=\"statistics-element\"><div class=\"element-number\"><span class=\"statistics-element-icon far fa-lightbulb\"><\/span>0<\/div><div class=\"element-name\">Online<\/div><\/div><\/div><div id=\"statistics-online-users\"><span class=\"online-users-icon fas fa-user\"><\/span>Nejnov\u011bj\u0161\u00ed \u010dlen:&nbsp;<i>TopChop<\/i>&nbsp;&middot;&nbsp;<span class=\"online-users-icon fas fa-users\"><\/span><i>Pr\u00e1v\u011b te\u010f nen\u00ed nikdo online.<\/i><\/div><\/div><div class=\"clear\"><\/div><\/div><div id=\"bottom-navigation\"><\/div><div class=\"clear\"><\/div><\/div>\r\n\r\n\r\n<p><\/p>\r\n[\/et_pb_text][\/et_pb_column][\/et_pb_row][\/et_pb_section]<span class=\"et_bloom_bottom_trigger\"><\/span>","protected":false},"excerpt":{"rendered":"<p>[et_pb_section fb_built=&#8220;1&#8243; admin_label=&#8220;section&#8220; _builder_version=&#8220;3.22&#8243; da_disable_devices=&#8220;off|off|off&#8220; da_is_popup=&#8220;off&#8220; da_exit_intent=&#8220;off&#8220; da_has_close=&#8220;on&#8220; da_alt_close=&#8220;off&#8220; da_dark_close=&#8220;off&#8220; da_not_modal=&#8220;on&#8220; da_is_singular=&#8220;off&#8220; da_with_loader=&#8220;off&#8220; da_has_shadow=&#8220;on&#8220;][et_pb_row admin_label=&#8220;row&#8220; _builder_version=&#8220;3.25&#8243; background_size=&#8220;initial&#8220; background_position=&#8220;top_left&#8220; background_repeat=&#8220;repeat&#8220;][et_pb_column type=&#8220;4_4&#8243; _builder_version=&#8220;3.25&#8243; custom_padding=&#8220;|||&#8220; custom_padding__hover=&#8220;|||&#8220;][et_pb_text admin_label=&#8220;Text&#8220; _builder_version=&#8220;3.27.4&#8243; background_size=&#8220;initial&#8220; background_position=&#8220;top_left&#8220; background_repeat=&#8220;repeat&#8220;] [\/et_pb_text][\/et_pb_column][\/et_pb_row][\/et_pb_section]<\/p>\n","protected":false},"author":2,"featured_media":0,"parent":0,"menu_order":0,"comment_status":"open","ping_status":"closed","template":"","meta":{"_et_pb_use_builder":"on","_et_pb_old_content":"<p>[forum]<\/p>\r\n\r\n<!-- wp:paragraph -->\r\n<p><\/p>\r\n<!-- \/wp:paragraph -->","_et_gb_content_width":"1080","footnotes":"","_links_to":"","_links_to_target":""},"class_list":["post-1205","page","type-page","status-publish","hentry"],"_links":{"self":[{"href":"https:\/\/albrnet.cz\/index.php?rest_route=\/wp\/v2\/pages\/1205","targetHints":{"allow":["GET"]}}],"collection":[{"href":"https:\/\/albrnet.cz\/index.php?rest_route=\/wp\/v2\/pages"}],"about":[{"href":"https:\/\/albrnet.cz\/index.php?rest_route=\/wp\/v2\/types\/page"}],"author":[{"embeddable":true,"href":"https:\/\/albrnet.cz\/index.php?rest_route=\/wp\/v2\/users\/2"}],"replies":[{"embeddable":true,"href":"https:\/\/albrnet.cz\/index.php?rest_route=%2Fwp%2Fv2%2Fcomments&post=1205"}],"version-history":[{"count":14,"href":"https:\/\/albrnet.cz\/index.php?rest_route=\/wp\/v2\/pages\/1205\/revisions"}],"predecessor-version":[{"id":3323,"href":"https:\/\/albrnet.cz\/index.php?rest_route=\/wp\/v2\/pages\/1205\/revisions\/3323"}],"wp:attachment":[{"href":"https:\/\/albrnet.cz\/index.php?rest_route=%2Fwp%2Fv2%2Fmedia&parent=1205"}],"curies":[{"name":"wp","href":"https:\/\/api.w.org\/{rel}","templated":true}]}}